{"id":4861,"date":"2022-09-21T10:05:02","date_gmt":"2022-09-21T10:05:02","guid":{"rendered":"https:\/\/dev.novaxportugal.com\/?page_id=4861"},"modified":"2026-02-12T17:20:22","modified_gmt":"2026-02-12T17:20:22","slug":"produtos","status":"publish","type":"page","link":"https:\/\/dev.novaxportugal.com\/en\/produtos\/","title":{"rendered":"Products"},"content":{"rendered":"<div data-elementor-type=\"wp-page\" data-elementor-id=\"4861\" class=\"elementor elementor-4861\">\n\t\t\t\t\t\t<section class=\"elementor-section elementor-top-section elementor-element elementor-element-d8b03d5 elementor-section-boxed elementor-section-height-default elementor-section-height-default jltma-glass-effect-no\" data-id=\"d8b03d5\" data-element_type=\"section\" data-e-type=\"section\">\n\t\t\t\t\t\t<div class=\"elementor-container elementor-column-gap-default\">\n\t\t\t\t\t<div class=\"elementor-column elementor-col-100 elementor-top-column elementor-element elementor-element-7dd6cf7 jltma-glass-effect-no\" data-id=\"7dd6cf7\" data-element_type=\"column\" data-e-type=\"column\">\n\t\t\t<div class=\"elementor-widget-wrap elementor-element-populated\">\n\t\t\t\t\t\t<div class=\"elementor-element elementor-element-1afc579 jltma-glass-effect-no elementor-widget elementor-widget-text-editor\" data-id=\"1afc579\" data-element_type=\"widget\" data-e-type=\"widget\" data-widget_type=\"text-editor.default\">\n\t\t\t\t<div class=\"elementor-widget-container\">\n\t\t\t\t\t\t\t\t\t<p>Proud to let you know that <strong><span style=\"color: #035682;\">NOVAX's<\/span><\/strong> Medical Device Products were successfully granted MDD\/MDR extension continuity until and beyond 31 December 2028.<\/p>\t\t\t\t\t\t\t\t<\/div>\n\t\t\t\t<\/div>\n\t\t\t\t\t<\/div>\n\t\t<\/div>\n\t\t\t\t\t<\/div>\n\t\t<\/section>\n\t\t\t\t<section class=\"elementor-section elementor-top-section elementor-element elementor-element-d87fff4 elementor-section-boxed elementor-section-height-default elementor-section-height-default jltma-glass-effect-no\" data-id=\"d87fff4\" data-element_type=\"section\" data-e-type=\"section\">\n\t\t\t\t\t\t<div class=\"elementor-container elementor-column-gap-default\">\n\t\t\t\t\t<div class=\"elementor-column elementor-col-25 elementor-top-column elementor-element elementor-element-36eca805 jltma-glass-effect-no\" data-id=\"36eca805\" data-element_type=\"column\" data-e-type=\"column\">\n\t\t\t<div class=\"elementor-widget-wrap elementor-element-populated\">\n\t\t\t\t\t\t<div class=\"elementor-element elementor-element-16cd2dc jltma-glass-effect-no elementor-widget elementor-widget-image\" data-id=\"16cd2dc\" data-element_type=\"widget\" data-e-type=\"widget\" data-widget_type=\"image.default\">\n\t\t\t\t<div class=\"elementor-widget-container\">\n\t\t\t\t\t\t\t\t\t\t\t\t\t\t\t\t<a href=\"https:\/\/novaxpharma.com\/natural-formulations\" target=\"_blank\">\n\t\t\t\t\t\t\t<img fetchpriority=\"high\" decoding=\"async\" width=\"810\" height=\"810\" src=\"https:\/\/dev.novaxportugal.com\/wp-content\/uploads\/2026\/02\/picto_natural.png\" class=\"attachment-large size-large wp-image-5043\" alt=\"\" srcset=\"https:\/\/dev.novaxportugal.com\/wp-content\/uploads\/2026\/02\/picto_natural.png 810w, https:\/\/dev.novaxportugal.com\/wp-content\/uploads\/2026\/02\/picto_natural-300x300.png 300w, https:\/\/dev.novaxportugal.com\/wp-content\/uploads\/2026\/02\/picto_natural-150x150.png 150w, https:\/\/dev.novaxportugal.com\/wp-content\/uploads\/2026\/02\/picto_natural-768x768.png 768w, https:\/\/dev.novaxportugal.com\/wp-content\/uploads\/2026\/02\/picto_natural-12x12.png 12w, https:\/\/dev.novaxportugal.com\/wp-content\/uploads\/2026\/02\/picto_natural-480x480.png 480w, https:\/\/dev.novaxportugal.com\/wp-content\/uploads\/2026\/02\/picto_natural-780x780.png 780w\" sizes=\"(max-width: 810px) 100vw, 810px\" \/>\t\t\t\t\t\t\t\t<\/a>\n\t\t\t\t\t\t\t\t\t\t\t\t\t\t\t<\/div>\n\t\t\t\t<\/div>\n\t\t\t\t\t<\/div>\n\t\t<\/div>\n\t\t\t\t<div class=\"elementor-column elementor-col-25 elementor-top-column elementor-element elementor-element-352495e jltma-glass-effect-no\" data-id=\"352495e\" data-element_type=\"column\" data-e-type=\"column\">\n\t\t\t<div class=\"elementor-widget-wrap elementor-element-populated\">\n\t\t\t\t\t\t<div class=\"elementor-element elementor-element-86268f2 jltma-glass-effect-no elementor-widget elementor-widget-image\" data-id=\"86268f2\" data-element_type=\"widget\" data-e-type=\"widget\" data-widget_type=\"image.default\">\n\t\t\t\t<div class=\"elementor-widget-container\">\n\t\t\t\t\t\t\t\t\t\t\t\t\t\t\t\t<a href=\"https:\/\/novaxpharma.com\/lubricating-eye-drops\" target=\"_blank\">\n\t\t\t\t\t\t\t<img decoding=\"async\" width=\"811\" height=\"810\" src=\"https:\/\/dev.novaxportugal.com\/wp-content\/uploads\/2026\/02\/picto_mosturizing.png\" class=\"attachment-large size-large wp-image-5041\" alt=\"\" srcset=\"https:\/\/dev.novaxportugal.com\/wp-content\/uploads\/2026\/02\/picto_mosturizing.png 811w, https:\/\/dev.novaxportugal.com\/wp-content\/uploads\/2026\/02\/picto_mosturizing-300x300.png 300w, https:\/\/dev.novaxportugal.com\/wp-content\/uploads\/2026\/02\/picto_mosturizing-150x150.png 150w, https:\/\/dev.novaxportugal.com\/wp-content\/uploads\/2026\/02\/picto_mosturizing-768x767.png 768w, https:\/\/dev.novaxportugal.com\/wp-content\/uploads\/2026\/02\/picto_mosturizing-12x12.png 12w, https:\/\/dev.novaxportugal.com\/wp-content\/uploads\/2026\/02\/picto_mosturizing-480x480.png 480w, https:\/\/dev.novaxportugal.com\/wp-content\/uploads\/2026\/02\/picto_mosturizing-780x780.png 780w\" sizes=\"(max-width: 811px) 100vw, 811px\" \/>\t\t\t\t\t\t\t\t<\/a>\n\t\t\t\t\t\t\t\t\t\t\t\t\t\t\t<\/div>\n\t\t\t\t<\/div>\n\t\t\t\t\t<\/div>\n\t\t<\/div>\n\t\t\t\t<div class=\"elementor-column elementor-col-25 elementor-top-column elementor-element elementor-element-58b14bf jltma-glass-effect-no\" data-id=\"58b14bf\" data-element_type=\"column\" data-e-type=\"column\">\n\t\t\t<div class=\"elementor-widget-wrap elementor-element-populated\">\n\t\t\t\t\t\t<div class=\"elementor-element elementor-element-04e94a9 jltma-glass-effect-no elementor-widget elementor-widget-image\" data-id=\"04e94a9\" data-element_type=\"widget\" data-e-type=\"widget\" data-widget_type=\"image.default\">\n\t\t\t\t<div class=\"elementor-widget-container\">\n\t\t\t\t\t\t\t\t\t\t\t\t\t\t\t\t<a href=\"https:\/\/novaxpharma.com\/coroneal\" target=\"_blank\">\n\t\t\t\t\t\t\t<img decoding=\"async\" width=\"810\" height=\"810\" src=\"https:\/\/dev.novaxportugal.com\/wp-content\/uploads\/2026\/02\/picto_preservative.png\" class=\"attachment-large size-large wp-image-5039\" alt=\"\" srcset=\"https:\/\/dev.novaxportugal.com\/wp-content\/uploads\/2026\/02\/picto_preservative.png 810w, https:\/\/dev.novaxportugal.com\/wp-content\/uploads\/2026\/02\/picto_preservative-300x300.png 300w, https:\/\/dev.novaxportugal.com\/wp-content\/uploads\/2026\/02\/picto_preservative-150x150.png 150w, https:\/\/dev.novaxportugal.com\/wp-content\/uploads\/2026\/02\/picto_preservative-768x768.png 768w, https:\/\/dev.novaxportugal.com\/wp-content\/uploads\/2026\/02\/picto_preservative-12x12.png 12w, https:\/\/dev.novaxportugal.com\/wp-content\/uploads\/2026\/02\/picto_preservative-480x480.png 480w, https:\/\/dev.novaxportugal.com\/wp-content\/uploads\/2026\/02\/picto_preservative-780x780.png 780w\" sizes=\"(max-width: 810px) 100vw, 810px\" \/>\t\t\t\t\t\t\t\t<\/a>\n\t\t\t\t\t\t\t\t\t\t\t\t\t\t\t<\/div>\n\t\t\t\t<\/div>\n\t\t\t\t\t<\/div>\n\t\t<\/div>\n\t\t\t\t<div class=\"elementor-column elementor-col-25 elementor-top-column elementor-element elementor-element-093148a jltma-glass-effect-no\" data-id=\"093148a\" data-element_type=\"column\" data-e-type=\"column\">\n\t\t\t<div class=\"elementor-widget-wrap elementor-element-populated\">\n\t\t\t\t\t\t<div class=\"elementor-element elementor-element-e08869e jltma-glass-effect-no elementor-widget elementor-widget-image\" data-id=\"e08869e\" data-element_type=\"widget\" data-e-type=\"widget\" data-widget_type=\"image.default\">\n\t\t\t\t<div class=\"elementor-widget-container\">\n\t\t\t\t\t\t\t\t\t\t\t\t\t\t\t\t<a href=\"https:\/\/novaxpharma.com\/lids-and-eyelashes-hygiene\" target=\"_blank\">\n\t\t\t\t\t\t\t<img loading=\"lazy\" decoding=\"async\" width=\"810\" height=\"810\" src=\"https:\/\/dev.novaxportugal.com\/wp-content\/uploads\/2026\/02\/picto_blepharitis.png\" class=\"attachment-large size-large wp-image-5040\" alt=\"\" srcset=\"https:\/\/dev.novaxportugal.com\/wp-content\/uploads\/2026\/02\/picto_blepharitis.png 810w, https:\/\/dev.novaxportugal.com\/wp-content\/uploads\/2026\/02\/picto_blepharitis-300x300.png 300w, https:\/\/dev.novaxportugal.com\/wp-content\/uploads\/2026\/02\/picto_blepharitis-150x150.png 150w, https:\/\/dev.novaxportugal.com\/wp-content\/uploads\/2026\/02\/picto_blepharitis-768x768.png 768w, https:\/\/dev.novaxportugal.com\/wp-content\/uploads\/2026\/02\/picto_blepharitis-12x12.png 12w, https:\/\/dev.novaxportugal.com\/wp-content\/uploads\/2026\/02\/picto_blepharitis-480x480.png 480w, https:\/\/dev.novaxportugal.com\/wp-content\/uploads\/2026\/02\/picto_blepharitis-780x780.png 780w\" sizes=\"(max-width: 810px) 100vw, 810px\" \/>\t\t\t\t\t\t\t\t<\/a>\n\t\t\t\t\t\t\t\t\t\t\t\t\t\t\t<\/div>\n\t\t\t\t<\/div>\n\t\t\t\t\t<\/div>\n\t\t<\/div>\n\t\t\t\t\t<\/div>\n\t\t<\/section>\n\t\t\t\t<section class=\"elementor-section elementor-top-section elementor-element elementor-element-cbd64d9 elementor-section-boxed elementor-section-height-default elementor-section-height-default jltma-glass-effect-no\" data-id=\"cbd64d9\" data-element_type=\"section\" data-e-type=\"section\">\n\t\t\t\t\t\t<div class=\"elementor-container elementor-column-gap-default\">\n\t\t\t\t\t<div class=\"elementor-column elementor-col-25 elementor-top-column elementor-element elementor-element-106c546 jltma-glass-effect-no\" data-id=\"106c546\" data-element_type=\"column\" data-e-type=\"column\">\n\t\t\t<div class=\"elementor-widget-wrap elementor-element-populated\">\n\t\t\t\t\t\t<div class=\"elementor-element elementor-element-20432cb jltma-glass-effect-no elementor-widget elementor-widget-image\" data-id=\"20432cb\" data-element_type=\"widget\" data-e-type=\"widget\" data-widget_type=\"image.default\">\n\t\t\t\t<div class=\"elementor-widget-container\">\n\t\t\t\t\t\t\t\t\t\t\t\t\t\t\t\t<a href=\"https:\/\/novaxpharma.com\/multipurpose-solutions\" target=\"_blank\">\n\t\t\t\t\t\t\t<img loading=\"lazy\" decoding=\"async\" width=\"810\" height=\"810\" src=\"https:\/\/dev.novaxportugal.com\/wp-content\/uploads\/2026\/02\/picto_multipurpose.png\" class=\"attachment-large size-large wp-image-5042\" alt=\"\" srcset=\"https:\/\/dev.novaxportugal.com\/wp-content\/uploads\/2026\/02\/picto_multipurpose.png 810w, https:\/\/dev.novaxportugal.com\/wp-content\/uploads\/2026\/02\/picto_multipurpose-300x300.png 300w, https:\/\/dev.novaxportugal.com\/wp-content\/uploads\/2026\/02\/picto_multipurpose-150x150.png 150w, https:\/\/dev.novaxportugal.com\/wp-content\/uploads\/2026\/02\/picto_multipurpose-768x768.png 768w, https:\/\/dev.novaxportugal.com\/wp-content\/uploads\/2026\/02\/picto_multipurpose-12x12.png 12w, https:\/\/dev.novaxportugal.com\/wp-content\/uploads\/2026\/02\/picto_multipurpose-480x480.png 480w, https:\/\/dev.novaxportugal.com\/wp-content\/uploads\/2026\/02\/picto_multipurpose-780x780.png 780w\" sizes=\"(max-width: 810px) 100vw, 810px\" \/>\t\t\t\t\t\t\t\t<\/a>\n\t\t\t\t\t\t\t\t\t\t\t\t\t\t\t<\/div>\n\t\t\t\t<\/div>\n\t\t\t\t\t<\/div>\n\t\t<\/div>\n\t\t\t\t<div class=\"elementor-column elementor-col-25 elementor-top-column elementor-element elementor-element-10d2201 jltma-glass-effect-no\" data-id=\"10d2201\" data-element_type=\"column\" data-e-type=\"column\">\n\t\t\t<div class=\"elementor-widget-wrap elementor-element-populated\">\n\t\t\t\t\t\t<div class=\"elementor-element elementor-element-8317ff8 jltma-glass-effect-no elementor-widget elementor-widget-image\" data-id=\"8317ff8\" data-element_type=\"widget\" data-e-type=\"widget\" data-widget_type=\"image.default\">\n\t\t\t\t<div class=\"elementor-widget-container\">\n\t\t\t\t\t\t\t\t\t\t\t\t\t\t\t\t<a href=\"https:\/\/www.vitevaxpharma.com\/lutevax-dry-eyes-menopause\" target=\"_blank\">\n\t\t\t\t\t\t\t<img loading=\"lazy\" decoding=\"async\" width=\"811\" height=\"810\" src=\"https:\/\/dev.novaxportugal.com\/wp-content\/uploads\/2026\/02\/picto_suplemento_en.png\" class=\"attachment-large size-large wp-image-5055\" alt=\"\" srcset=\"https:\/\/dev.novaxportugal.com\/wp-content\/uploads\/2026\/02\/picto_suplemento_en.png 811w, https:\/\/dev.novaxportugal.com\/wp-content\/uploads\/2026\/02\/picto_suplemento_en-300x300.png 300w, https:\/\/dev.novaxportugal.com\/wp-content\/uploads\/2026\/02\/picto_suplemento_en-150x150.png 150w, https:\/\/dev.novaxportugal.com\/wp-content\/uploads\/2026\/02\/picto_suplemento_en-768x767.png 768w, https:\/\/dev.novaxportugal.com\/wp-content\/uploads\/2026\/02\/picto_suplemento_en-12x12.png 12w, https:\/\/dev.novaxportugal.com\/wp-content\/uploads\/2026\/02\/picto_suplemento_en-480x480.png 480w, https:\/\/dev.novaxportugal.com\/wp-content\/uploads\/2026\/02\/picto_suplemento_en-780x780.png 780w\" sizes=\"(max-width: 811px) 100vw, 811px\" \/>\t\t\t\t\t\t\t\t<\/a>\n\t\t\t\t\t\t\t\t\t\t\t\t\t\t\t<\/div>\n\t\t\t\t<\/div>\n\t\t\t\t\t<\/div>\n\t\t<\/div>\n\t\t\t\t<div class=\"elementor-column elementor-col-25 elementor-top-column elementor-element elementor-element-ec536d0 jltma-glass-effect-no\" data-id=\"ec536d0\" data-element_type=\"column\" data-e-type=\"column\">\n\t\t\t<div class=\"elementor-widget-wrap elementor-element-populated\">\n\t\t\t\t\t\t<div class=\"elementor-element elementor-element-c9abbfb jltma-glass-effect-no elementor-widget elementor-widget-image\" data-id=\"c9abbfb\" data-element_type=\"widget\" data-e-type=\"widget\" data-widget_type=\"image.default\">\n\t\t\t\t<div class=\"elementor-widget-container\">\n\t\t\t\t\t\t\t\t\t\t\t\t\t\t\t\t<a href=\"https:\/\/www.vitevaxpharma.com\/massive-lash\" target=\"_blank\">\n\t\t\t\t\t\t\t<img loading=\"lazy\" decoding=\"async\" width=\"811\" height=\"810\" src=\"https:\/\/dev.novaxportugal.com\/wp-content\/uploads\/2026\/02\/picto_cosmetics_en.png\" class=\"attachment-large size-large wp-image-5056\" alt=\"\" srcset=\"https:\/\/dev.novaxportugal.com\/wp-content\/uploads\/2026\/02\/picto_cosmetics_en.png 811w, https:\/\/dev.novaxportugal.com\/wp-content\/uploads\/2026\/02\/picto_cosmetics_en-300x300.png 300w, https:\/\/dev.novaxportugal.com\/wp-content\/uploads\/2026\/02\/picto_cosmetics_en-150x150.png 150w, https:\/\/dev.novaxportugal.com\/wp-content\/uploads\/2026\/02\/picto_cosmetics_en-768x767.png 768w, https:\/\/dev.novaxportugal.com\/wp-content\/uploads\/2026\/02\/picto_cosmetics_en-12x12.png 12w, https:\/\/dev.novaxportugal.com\/wp-content\/uploads\/2026\/02\/picto_cosmetics_en-480x480.png 480w, https:\/\/dev.novaxportugal.com\/wp-content\/uploads\/2026\/02\/picto_cosmetics_en-780x780.png 780w\" sizes=\"(max-width: 811px) 100vw, 811px\" \/>\t\t\t\t\t\t\t\t<\/a>\n\t\t\t\t\t\t\t\t\t\t\t\t\t\t\t<\/div>\n\t\t\t\t<\/div>\n\t\t\t\t\t<\/div>\n\t\t<\/div>\n\t\t\t\t<div class=\"elementor-column elementor-col-25 elementor-top-column elementor-element elementor-element-7fcb2bc jltma-glass-effect-no\" data-id=\"7fcb2bc\" data-element_type=\"column\" data-e-type=\"column\">\n\t\t\t<div class=\"elementor-widget-wrap\">\n\t\t\t\t\t\t\t<\/div>\n\t\t<\/div>\n\t\t\t\t\t<\/div>\n\t\t<\/section>\n\t\t\t\t<\/div>","protected":false},"excerpt":{"rendered":"<p>Proud to let you know that NOVAX's Medical Device Products were successfully granted MDD\/MDR extension continuity until and beyond 31 December 2028. <span class=\"more-tag\"><a class=\"more-link\" href=\"https:\/\/dev.novaxportugal.com\/en\/produtos\/\">More<span class=\"screen-reader-text\"> \"Produtos\"<\/span><\/a><\/span><!-- .more-tag --><\/p>","protected":false},"author":1,"featured_media":0,"parent":0,"menu_order":0,"comment_status":"closed","ping_status":"closed","template":"","meta":{"_EventAllDay":false,"_EventTimezone":"","_EventStartDate":"","_EventEndDate":"","_EventStartDateUTC":"","_EventEndDateUTC":"","_EventShowMap":false,"_EventShowMapLink":false,"_EventURL":"","_EventCost":"","_EventCostDescription":"","_EventCurrencySymbol":"","_EventCurrencyCode":"","_EventCurrencyPosition":"","_EventDateTimeSeparator":"","_EventTimeRangeSeparator":"","_EventOrganizerID":[],"_EventVenueID":[],"_OrganizerEmail":"","_OrganizerPhone":"","_OrganizerWebsite":"","_VenueAddress":"","_VenueCity":"","_VenueCountry":"","_VenueProvince":"","_VenueState":"","_VenueZip":"","_VenuePhone":"","_VenueURL":"","_VenueStateProvince":"","_VenueLat":"","_VenueLng":"","_VenueShowMap":false,"_VenueShowMapLink":false,"footnotes":""},"class_list":["post-4861","page","type-page","status-publish","hentry"],"yoast_head":"<!-- This site is optimized with the Yoast SEO plugin v26.7 - https:\/\/yoast.com\/wordpress\/plugins\/seo\/ -->\n<title>Produtos - Novax Portugal<\/title>\n<meta name=\"robots\" content=\"noindex, follow, max-snippet:-1, max-image-preview:large, max-video-preview:-1\" \/>\n<meta property=\"og:locale\" content=\"en_US\" \/>\n<meta property=\"og:type\" content=\"article\" \/>\n<meta property=\"og:title\" content=\"Produtos - Novax Portugal\" \/>\n<meta property=\"og:description\" content=\"\u00c9 com orgulho que informamos que os produtos de dispositivos m\u00e9dicos da NOVAX obtiveram com sucesso a continuidade da extens\u00e3o MDD\/MDR at\u00e9 e para al\u00e9m de 31 de dezembro de 2028.\" \/>\n<meta property=\"og:url\" content=\"https:\/\/dev.novaxportugal.com\/en\/produtos\/\" \/>\n<meta property=\"og:site_name\" content=\"Novax Portugal\" \/>\n<meta property=\"article:modified_time\" content=\"2026-02-12T17:20:22+00:00\" \/>\n<meta property=\"og:image\" content=\"https:\/\/dev.novaxportugal.com\/wp-content\/uploads\/2026\/02\/picto_natural_pt.png\" \/>\n\t<meta property=\"og:image:width\" content=\"810\" \/>\n\t<meta property=\"og:image:height\" content=\"810\" \/>\n\t<meta property=\"og:image:type\" content=\"image\/png\" \/>\n<meta name=\"twitter:card\" content=\"summary_large_image\" \/>\n<meta name=\"twitter:label1\" content=\"Est. reading time\" \/>\n\t<meta name=\"twitter:data1\" content=\"2 minutes\" \/>\n<script type=\"application\/ld+json\" class=\"yoast-schema-graph\">{\"@context\":\"https:\/\/schema.org\",\"@graph\":[{\"@type\":\"WebPage\",\"@id\":\"https:\/\/dev.novaxportugal.com\/produtos\/\",\"url\":\"https:\/\/dev.novaxportugal.com\/produtos\/\",\"name\":\"Produtos - Novax Portugal\",\"isPartOf\":{\"@id\":\"https:\/\/dev.novaxportugal.com\/#website\"},\"primaryImageOfPage\":{\"@id\":\"https:\/\/dev.novaxportugal.com\/produtos\/#primaryimage\"},\"image\":{\"@id\":\"https:\/\/dev.novaxportugal.com\/produtos\/#primaryimage\"},\"thumbnailUrl\":\"https:\/\/dev.novaxportugal.com\/wp-content\/uploads\/2026\/02\/picto_natural_pt.png\",\"datePublished\":\"2022-09-21T10:05:02+00:00\",\"dateModified\":\"2026-02-12T17:20:22+00:00\",\"breadcrumb\":{\"@id\":\"https:\/\/dev.novaxportugal.com\/produtos\/#breadcrumb\"},\"inLanguage\":\"en-US\",\"potentialAction\":[{\"@type\":\"ReadAction\",\"target\":[\"https:\/\/dev.novaxportugal.com\/produtos\/\"]}]},{\"@type\":\"ImageObject\",\"inLanguage\":\"en-US\",\"@id\":\"https:\/\/dev.novaxportugal.com\/produtos\/#primaryimage\",\"url\":\"https:\/\/dev.novaxportugal.com\/wp-content\/uploads\/2026\/02\/picto_natural_pt.png\",\"contentUrl\":\"https:\/\/dev.novaxportugal.com\/wp-content\/uploads\/2026\/02\/picto_natural_pt.png\"},{\"@type\":\"BreadcrumbList\",\"@id\":\"https:\/\/dev.novaxportugal.com\/produtos\/#breadcrumb\",\"itemListElement\":[{\"@type\":\"ListItem\",\"position\":1,\"name\":\"Home\",\"item\":\"https:\/\/dev.novaxportugal.com\/\"},{\"@type\":\"ListItem\",\"position\":2,\"name\":\"Produtos\"}]},{\"@type\":\"WebSite\",\"@id\":\"https:\/\/dev.novaxportugal.com\/#website\",\"url\":\"https:\/\/dev.novaxportugal.com\/\",\"name\":\"Novax Portugal\",\"description\":\"\",\"publisher\":{\"@id\":\"https:\/\/dev.novaxportugal.com\/#organization\"},\"potentialAction\":[{\"@type\":\"SearchAction\",\"target\":{\"@type\":\"EntryPoint\",\"urlTemplate\":\"https:\/\/dev.novaxportugal.com\/?s={search_term_string}\"},\"query-input\":{\"@type\":\"PropertyValueSpecification\",\"valueRequired\":true,\"valueName\":\"search_term_string\"}}],\"inLanguage\":\"en-US\"},{\"@type\":\"Organization\",\"@id\":\"https:\/\/dev.novaxportugal.com\/#organization\",\"name\":\"Novax Portugal\",\"url\":\"https:\/\/dev.novaxportugal.com\/\",\"logo\":{\"@type\":\"ImageObject\",\"inLanguage\":\"en-US\",\"@id\":\"https:\/\/dev.novaxportugal.com\/#\/schema\/logo\/image\/\",\"url\":\"https:\/\/dev.novaxportugal.com\/wp-content\/uploads\/2026\/01\/cropped-LogoNOVAX\u00aePharma.png\",\"contentUrl\":\"https:\/\/dev.novaxportugal.com\/wp-content\/uploads\/2026\/01\/cropped-LogoNOVAX\u00aePharma.png\",\"width\":230,\"height\":136,\"caption\":\"Novax Portugal\"},\"image\":{\"@id\":\"https:\/\/dev.novaxportugal.com\/#\/schema\/logo\/image\/\"}}]}<\/script>\n<!-- \/ Yoast SEO plugin. -->","yoast_head_json":{"title":"Produtos - Novax Portugal","robots":{"index":"noindex","follow":"follow","max-snippet":"max-snippet:-1","max-image-preview":"max-image-preview:large","max-video-preview":"max-video-preview:-1"},"og_locale":"en_US","og_type":"article","og_title":"Produtos - Novax Portugal","og_description":"\u00c9 com orgulho que informamos que os produtos de dispositivos m\u00e9dicos da NOVAX obtiveram com sucesso a continuidade da extens\u00e3o MDD\/MDR at\u00e9 e para al\u00e9m de 31 de dezembro de 2028.","og_url":"https:\/\/dev.novaxportugal.com\/en\/produtos\/","og_site_name":"Novax Portugal","article_modified_time":"2026-02-12T17:20:22+00:00","og_image":[{"width":810,"height":810,"url":"https:\/\/dev.novaxportugal.com\/wp-content\/uploads\/2026\/02\/picto_natural_pt.png","type":"image\/png"}],"twitter_card":"summary_large_image","twitter_misc":{"Est. reading time":"2 minutes"},"schema":{"@context":"https:\/\/schema.org","@graph":[{"@type":"WebPage","@id":"https:\/\/dev.novaxportugal.com\/produtos\/","url":"https:\/\/dev.novaxportugal.com\/produtos\/","name":"Produtos - Novax Portugal","isPartOf":{"@id":"https:\/\/dev.novaxportugal.com\/#website"},"primaryImageOfPage":{"@id":"https:\/\/dev.novaxportugal.com\/produtos\/#primaryimage"},"image":{"@id":"https:\/\/dev.novaxportugal.com\/produtos\/#primaryimage"},"thumbnailUrl":"https:\/\/dev.novaxportugal.com\/wp-content\/uploads\/2026\/02\/picto_natural_pt.png","datePublished":"2022-09-21T10:05:02+00:00","dateModified":"2026-02-12T17:20:22+00:00","breadcrumb":{"@id":"https:\/\/dev.novaxportugal.com\/produtos\/#breadcrumb"},"inLanguage":"en-US","potentialAction":[{"@type":"ReadAction","target":["https:\/\/dev.novaxportugal.com\/produtos\/"]}]},{"@type":"ImageObject","inLanguage":"en-US","@id":"https:\/\/dev.novaxportugal.com\/produtos\/#primaryimage","url":"https:\/\/dev.novaxportugal.com\/wp-content\/uploads\/2026\/02\/picto_natural_pt.png","contentUrl":"https:\/\/dev.novaxportugal.com\/wp-content\/uploads\/2026\/02\/picto_natural_pt.png"},{"@type":"BreadcrumbList","@id":"https:\/\/dev.novaxportugal.com\/produtos\/#breadcrumb","itemListElement":[{"@type":"ListItem","position":1,"name":"Home","item":"https:\/\/dev.novaxportugal.com\/"},{"@type":"ListItem","position":2,"name":"Produtos"}]},{"@type":"WebSite","@id":"https:\/\/dev.novaxportugal.com\/#website","url":"https:\/\/dev.novaxportugal.com\/","name":"Novax Portugal","description":"","publisher":{"@id":"https:\/\/dev.novaxportugal.com\/#organization"},"potentialAction":[{"@type":"SearchAction","target":{"@type":"EntryPoint","urlTemplate":"https:\/\/dev.novaxportugal.com\/?s={search_term_string}"},"query-input":{"@type":"PropertyValueSpecification","valueRequired":true,"valueName":"search_term_string"}}],"inLanguage":"en-US"},{"@type":"Organization","@id":"https:\/\/dev.novaxportugal.com\/#organization","name":"Novax Portugal","url":"https:\/\/dev.novaxportugal.com\/","logo":{"@type":"ImageObject","inLanguage":"en-US","@id":"https:\/\/dev.novaxportugal.com\/#\/schema\/logo\/image\/","url":"https:\/\/dev.novaxportugal.com\/wp-content\/uploads\/2026\/01\/cropped-LogoNOVAX\u00aePharma.png","contentUrl":"https:\/\/dev.novaxportugal.com\/wp-content\/uploads\/2026\/01\/cropped-LogoNOVAX\u00aePharma.png","width":230,"height":136,"caption":"Novax Portugal"},"image":{"@id":"https:\/\/dev.novaxportugal.com\/#\/schema\/logo\/image\/"}}]}},"_links":{"self":[{"href":"https:\/\/dev.novaxportugal.com\/en\/wp-json\/wp\/v2\/pages\/4861","targetHints":{"allow":["GET"]}}],"collection":[{"href":"https:\/\/dev.novaxportugal.com\/en\/wp-json\/wp\/v2\/pages"}],"about":[{"href":"https:\/\/dev.novaxportugal.com\/en\/wp-json\/wp\/v2\/types\/page"}],"author":[{"embeddable":true,"href":"https:\/\/dev.novaxportugal.com\/en\/wp-json\/wp\/v2\/users\/1"}],"replies":[{"embeddable":true,"href":"https:\/\/dev.novaxportugal.com\/en\/wp-json\/wp\/v2\/comments?post=4861"}],"version-history":[{"count":19,"href":"https:\/\/dev.novaxportugal.com\/en\/wp-json\/wp\/v2\/pages\/4861\/revisions"}],"predecessor-version":[{"id":5155,"href":"https:\/\/dev.novaxportugal.com\/en\/wp-json\/wp\/v2\/pages\/4861\/revisions\/5155"}],"wp:attachment":[{"href":"https:\/\/dev.novaxportugal.com\/en\/wp-json\/wp\/v2\/media?parent=4861"}],"curies":[{"name":"wp","href":"https:\/\/api.w.org\/{rel}","templated":true}]}}